{"id":5001,"date":"2026-01-08T10:01:49","date_gmt":"2026-01-08T14:01:49","guid":{"rendered":"https:\/\/www.travelerspack.ca\/?page_id=5001"},"modified":"2026-03-29T13:08:46","modified_gmt":"2026-03-29T17:08:46","slug":"politique-expedition","status":"publish","type":"page","link":"https:\/\/www.travelerspack.ca\/en\/politique-expedition\/","title":{"rendered":"Politique d&rsquo;exp\u00e9dition"},"content":{"rendered":"<h3><strong>Politique D&rsquo;exp\u00e9dition<\/strong><\/h3>\n<p>A\u00a0<strong>\u00e0 la Boutique Travelerspack<\/strong>, nous nous engageons \u00e0 vous livrer votre commande aussi rapidement et sans encombre que possible. Veuillez consulter notre politique d&rsquo;exp\u00e9dition ci-dessous.<\/p>\n<h4><strong>Temps de traitement<\/strong><\/h4>\n<p>Toutes les commandes sont trait\u00e9es\u00a0<strong>sous 1 \u00e0 3 jours ouvrables.<\/strong>.<br \/>\nVeuillez noter que les d\u00e9lais de traitement s&rsquo;appliquent\u00a0<strong>uniquement aux jours ouvrables<\/strong>\u00a0et n&rsquo;incluent pas les week-ends ni les jours f\u00e9ri\u00e9s.<\/p>\n<h4><strong>D\u00e9lai de livraison<\/strong><\/h4>\n<p>Une fois votre commande trait\u00e9e et exp\u00e9di\u00e9e, la livraison prend g\u00e9n\u00e9ralement\u00a0<strong>entre 7 et 15 jours ouvrables<\/strong>, en fonction de votre lieu de r\u00e9sidence et des conditions du transporteur.<\/p>\n<h4><strong>Frais de livraison<\/strong><\/h4>\n<p>Nous offrons\u00a0<strong>la livraison GRATUITE partout au Canada<\/strong>.<br \/>\nIl n&rsquo;y a pas de frais cach\u00e9s ni de frais de livraison suppl\u00e9mentaires.<\/p>\n<h4><strong>Informations de suivi<\/strong><\/h4>\n<p>Un num\u00e9ro de suivi vous sera envoy\u00e9 par\u00a0<strong>courriel<\/strong>\u00a0d\u00e8s l&rsquo;exp\u00e9dition de votre commande. Veuillez patienter quelques temps avant que les informations de suivi ne soient mises \u00e0 jour apr\u00e8s l&rsquo;exp\u00e9dition.<\/p>\n<h4><strong>Retards de livraison<\/strong><\/h4>\n<p>Bien que nous nous efforcions de respecter les d\u00e9lais de livraison estim\u00e9s, ces derniers peuvent \u00eatre affect\u00e9s par des facteurs ind\u00e9pendants de notre volont\u00e9, tels que des retards de transporteurs, des proc\u00e9dures douani\u00e8res, des conditions m\u00e9t\u00e9orologiques ou les p\u00e9riodes de forte affluence. La Boutique Travelerspack n&rsquo;est pas responsable en cas de retards dus \u00e0 ces circonstances.<\/p>\n<h4><strong>Responsabilit\u00e9 du client<\/strong><\/h4>\n<p>Les clients sont responsables de fournir\u00a0<strong>des informations d\u2019exp\u00e9dition exactes et compl\u00e8tes<\/strong>\u00a0lors du paiement.<br \/>\nLa Boutique Travelerspack n&rsquo;est\u00a0<strong>pas responsable des co\u00fbts suppl\u00e9mentaires<\/strong>\u00a0r\u00e9sultant d\u2019adresses ou d\u2019informations incorrectes ou incompl\u00e8tes fournies par le client.<\/p>\n<h4><strong>Non-livraison et remboursements<\/strong><\/h4>\n<p>Si votre commande n\u2019arrive pas dans un d\u00e9lai raisonnable, veuillez nous contacter.<br \/>\nDans les cas o\u00f9 la livraison ne peut pas \u00eatre effectu\u00e9e,\u00a0<strong>un remboursement sera \u00e9mis<\/strong>\u00a0apr\u00e8s examen de la situation.<\/p>\n<h4><strong>Contactez-nous<\/strong><\/h4>\n<p>Pour toute question concernant la livraison ou votre commande, veuillez nous contacter \u00e0 :<br \/>\n<strong>support@travelerspack.ca<\/strong><\/p>\n<p>&nbsp;<\/p>","protected":false},"excerpt":{"rendered":"<p>Politique D&rsquo;exp\u00e9dition A\u00a0\u00e0 la Boutique Travelerspack, nous nous engageons \u00e0 vous livrer votre commande aussi rapidement et sans encombre que possible. Veuillez consulter notre politique d&rsquo;exp\u00e9dition ci-dessous. Temps de traitement Toutes les commandes sont trait\u00e9es\u00a0sous 1 \u00e0 3 jours ouvrables.. Veuillez noter que les d\u00e9lais de traitement s&rsquo;appliquent\u00a0uniquement aux jours ouvrables\u00a0et n&rsquo;incluent pas les week-ends [&hellip;]<\/p>\n","protected":false},"author":1,"featured_media":0,"parent":0,"menu_order":0,"comment_status":"closed","ping_status":"closed","template":"","meta":{"site-sidebar-layout":"default","site-content-layout":"","ast-site-content-layout":"default","site-content-style":"default","site-sidebar-style":"default","ast-global-header-display":"","ast-banner-title-visibility":"","ast-main-header-display":"","ast-hfb-above-header-display":"","ast-hfb-below-header-display":"","ast-hfb-mobile-header-display":"","site-post-title":"","ast-breadcrumbs-content":"","ast-featured-img":"","footer-sml-layout":"","ast-disable-related-posts":"","theme-transparent-header-meta":"default","adv-header-id-meta":"","stick-header-meta":"","header-above-stick-meta":"","header-main-stick-meta":"","header-below-stick-meta":"","astra-migrate-meta-layouts":"set","ast-page-background-enabled":"default","ast-page-background-meta":{"desktop":{"background-color":"","background-image":"","background-repeat":"repeat","background-position":"center center","background-size":"auto","background-attachment":"scroll","background-type":"","background-media":"","overlay-type":"","overlay-color":"","overlay-opacity":"","overlay-gradient":""},"tablet":{"background-color":"","background-image":"","background-repeat":"repeat","background-position":"center center","background-size":"auto","background-attachment":"scroll","background-type":"","background-media":"","overlay-type":"","overlay-color":"","overlay-opacity":"","overlay-gradient":""},"mobile":{"background-color":"","background-image":"","background-repeat":"repeat","background-position":"center center","background-size":"auto","background-attachment":"scroll","background-type":"","background-media":"","overlay-type":"","overlay-color":"","overlay-opacity":"","overlay-gradient":""}},"ast-content-background-meta":{"desktop":{"background-color":"var(--ast-global-color-5)","background-image":"","background-repeat":"repeat","background-position":"center center","background-size":"auto","background-attachment":"scroll","background-type":"","background-media":"","overlay-type":"","overlay-color":"","overlay-opacity":"","overlay-gradient":""},"tablet":{"background-color":"var(--ast-global-color-5)","background-image":"","background-repeat":"repeat","background-position":"center center","background-size":"auto","background-attachment":"scroll","background-type":"","background-media":"","overlay-type":"","overlay-color":"","overlay-opacity":"","overlay-gradient":""},"mobile":{"background-color":"var(--ast-global-color-5)","background-image":"","background-repeat":"repeat","background-position":"center center","background-size":"auto","background-attachment":"scroll","background-type":"","background-media":"","overlay-type":"","overlay-color":"","overlay-opacity":"","overlay-gradient":""}},"footnotes":""},"class_list":["post-5001","page","type-page","status-publish","hentry"],"yoast_head":"<!-- This site is optimized with the Yoast SEO plugin v27.4 - https:\/\/yoast.com\/product\/yoast-seo-wordpress\/ -->\n<title>Politique d&#039;exp\u00e9dition - Travelerspack<\/title>\n<meta name=\"description\" content=\"Learn about shipping policy, including processing times, delivery, free shipping, tracking information, and refunds for delayed orders.\" \/>\n<meta name=\"robots\" content=\"noindex, follow, max-snippet:-1, max-image-preview:large, max-video-preview:-1\" \/>\n<meta property=\"og:locale\" content=\"en_US\" \/>\n<meta property=\"og:type\" content=\"article\" \/>\n<meta property=\"og:title\" content=\"Politique d&#039;exp\u00e9dition - Travelerspack\" \/>\n<meta property=\"og:description\" content=\"Learn about shipping policy, including processing times, delivery, free shipping, tracking information, and refunds for delayed orders.\" \/>\n<meta property=\"og:url\" content=\"https:\/\/www.travelerspack.ca\/en\/politique-expedition\/\" \/>\n<meta property=\"og:site_name\" content=\"Travelerspack\" \/>\n<meta property=\"article:publisher\" content=\"https:\/\/www.facebook.com\/profile.php?id=61586017389460\" \/>\n<meta property=\"article:modified_time\" content=\"2026-03-29T17:08:46+00:00\" \/>\n<meta name=\"twitter:card\" content=\"summary_large_image\" \/>\n<meta name=\"twitter:label1\" content=\"Est. reading time\" \/>\n\t<meta name=\"twitter:data1\" content=\"2 minutes\" \/>\n<script type=\"application\/ld+json\" class=\"yoast-schema-graph\">{\"@context\":\"https:\\\/\\\/schema.org\",\"@graph\":[{\"@type\":\"WebPage\",\"@id\":\"https:\\\/\\\/www.travelerspack.ca\\\/politique-expedition\\\/\",\"url\":\"https:\\\/\\\/www.travelerspack.ca\\\/politique-expedition\\\/\",\"name\":\"Politique d'exp\u00e9dition - Travelerspack\",\"isPartOf\":{\"@id\":\"https:\\\/\\\/www.travelerspack.ca\\\/#website\"},\"datePublished\":\"2026-01-08T14:01:49+00:00\",\"dateModified\":\"2026-03-29T17:08:46+00:00\",\"description\":\"Learn about shipping policy, including processing times, delivery, free shipping, tracking information, and refunds for delayed orders.\",\"breadcrumb\":{\"@id\":\"https:\\\/\\\/www.travelerspack.ca\\\/politique-expedition\\\/#breadcrumb\"},\"inLanguage\":\"en-CA\",\"potentialAction\":[{\"@type\":\"ReadAction\",\"target\":[\"https:\\\/\\\/www.travelerspack.ca\\\/politique-expedition\\\/\"]}]},{\"@type\":\"BreadcrumbList\",\"@id\":\"https:\\\/\\\/www.travelerspack.ca\\\/politique-expedition\\\/#breadcrumb\",\"itemListElement\":[{\"@type\":\"ListItem\",\"position\":1,\"name\":\"Home\",\"item\":\"https:\\\/\\\/www.travelerspack.ca\\\/\"},{\"@type\":\"ListItem\",\"position\":2,\"name\":\"Politique d&rsquo;exp\u00e9dition\"}]},{\"@type\":\"WebSite\",\"@id\":\"https:\\\/\\\/www.travelerspack.ca\\\/#website\",\"url\":\"https:\\\/\\\/www.travelerspack.ca\\\/\",\"name\":\"Travelerspack\",\"description\":\"Discover stylish, durable, and smart travel essentials designed to make every trip effortless. From premium luggage to innovative accessories, we bring you the perfect gear for every adventure. Pack better, travel easier, explore more.\",\"publisher\":{\"@id\":\"https:\\\/\\\/www.travelerspack.ca\\\/#organization\"},\"potentialAction\":[{\"@type\":\"SearchAction\",\"target\":{\"@type\":\"EntryPoint\",\"urlTemplate\":\"https:\\\/\\\/www.travelerspack.ca\\\/?s={search_term_string}\"},\"query-input\":{\"@type\":\"PropertyValueSpecification\",\"valueRequired\":true,\"valueName\":\"search_term_string\"}}],\"inLanguage\":\"en-CA\"},{\"@type\":\"Organization\",\"@id\":\"https:\\\/\\\/www.travelerspack.ca\\\/#organization\",\"name\":\"Travelerspack\",\"url\":\"https:\\\/\\\/www.travelerspack.ca\\\/\",\"logo\":{\"@type\":\"ImageObject\",\"inLanguage\":\"en-CA\",\"@id\":\"https:\\\/\\\/www.travelerspack.ca\\\/#\\\/schema\\\/logo\\\/image\\\/\",\"url\":\"https:\\\/\\\/www.travelerspack.ca\\\/wp-content\\\/uploads\\\/2025\\\/12\\\/travelerspack-high-resolution-logo-grayscale-transparent.png\",\"contentUrl\":\"https:\\\/\\\/www.travelerspack.ca\\\/wp-content\\\/uploads\\\/2025\\\/12\\\/travelerspack-high-resolution-logo-grayscale-transparent.png\",\"width\":2000,\"height\":651,\"caption\":\"Travelerspack\"},\"image\":{\"@id\":\"https:\\\/\\\/www.travelerspack.ca\\\/#\\\/schema\\\/logo\\\/image\\\/\"},\"sameAs\":[\"https:\\\/\\\/www.facebook.com\\\/profile.php?id=61586017389460\",\"https:\\\/\\\/www.instagram.com\\\/travelerspack_official\\\/\"]}]}<\/script>\n<!-- \/ Yoast SEO plugin. -->","yoast_head_json":{"title":"Politique d'exp\u00e9dition - Travelerspack","description":"Learn about shipping policy, including processing times, delivery, free shipping, tracking information, and refunds for delayed orders.","robots":{"index":"noindex","follow":"follow","max-snippet":"max-snippet:-1","max-image-preview":"max-image-preview:large","max-video-preview":"max-video-preview:-1"},"og_locale":"en_US","og_type":"article","og_title":"Politique d'exp\u00e9dition - Travelerspack","og_description":"Learn about shipping policy, including processing times, delivery, free shipping, tracking information, and refunds for delayed orders.","og_url":"https:\/\/www.travelerspack.ca\/en\/politique-expedition\/","og_site_name":"Travelerspack","article_publisher":"https:\/\/www.facebook.com\/profile.php?id=61586017389460","article_modified_time":"2026-03-29T17:08:46+00:00","twitter_card":"summary_large_image","twitter_misc":{"Est. reading time":"2 minutes"},"schema":{"@context":"https:\/\/schema.org","@graph":[{"@type":"WebPage","@id":"https:\/\/www.travelerspack.ca\/politique-expedition\/","url":"https:\/\/www.travelerspack.ca\/politique-expedition\/","name":"Politique d'exp\u00e9dition - Travelerspack","isPartOf":{"@id":"https:\/\/www.travelerspack.ca\/#website"},"datePublished":"2026-01-08T14:01:49+00:00","dateModified":"2026-03-29T17:08:46+00:00","description":"Learn about shipping policy, including processing times, delivery, free shipping, tracking information, and refunds for delayed orders.","breadcrumb":{"@id":"https:\/\/www.travelerspack.ca\/politique-expedition\/#breadcrumb"},"inLanguage":"en-CA","potentialAction":[{"@type":"ReadAction","target":["https:\/\/www.travelerspack.ca\/politique-expedition\/"]}]},{"@type":"BreadcrumbList","@id":"https:\/\/www.travelerspack.ca\/politique-expedition\/#breadcrumb","itemListElement":[{"@type":"ListItem","position":1,"name":"Home","item":"https:\/\/www.travelerspack.ca\/"},{"@type":"ListItem","position":2,"name":"Politique d&rsquo;exp\u00e9dition"}]},{"@type":"WebSite","@id":"https:\/\/www.travelerspack.ca\/#website","url":"https:\/\/www.travelerspack.ca\/","name":"Travelerspack","description":"Discover stylish, durable, and smart travel essentials designed to make every trip effortless. From premium luggage to innovative accessories, we bring you the perfect gear for every adventure. Pack better, travel easier, explore more.","publisher":{"@id":"https:\/\/www.travelerspack.ca\/#organization"},"potentialAction":[{"@type":"SearchAction","target":{"@type":"EntryPoint","urlTemplate":"https:\/\/www.travelerspack.ca\/?s={search_term_string}"},"query-input":{"@type":"PropertyValueSpecification","valueRequired":true,"valueName":"search_term_string"}}],"inLanguage":"en-CA"},{"@type":"Organization","@id":"https:\/\/www.travelerspack.ca\/#organization","name":"Travelerspack","url":"https:\/\/www.travelerspack.ca\/","logo":{"@type":"ImageObject","inLanguage":"en-CA","@id":"https:\/\/www.travelerspack.ca\/#\/schema\/logo\/image\/","url":"https:\/\/www.travelerspack.ca\/wp-content\/uploads\/2025\/12\/travelerspack-high-resolution-logo-grayscale-transparent.png","contentUrl":"https:\/\/www.travelerspack.ca\/wp-content\/uploads\/2025\/12\/travelerspack-high-resolution-logo-grayscale-transparent.png","width":2000,"height":651,"caption":"Travelerspack"},"image":{"@id":"https:\/\/www.travelerspack.ca\/#\/schema\/logo\/image\/"},"sameAs":["https:\/\/www.facebook.com\/profile.php?id=61586017389460","https:\/\/www.instagram.com\/travelerspack_official\/"]}]}},"_links":{"self":[{"href":"https:\/\/www.travelerspack.ca\/en\/wp-json\/wp\/v2\/pages\/5001","targetHints":{"allow":["GET"]}}],"collection":[{"href":"https:\/\/www.travelerspack.ca\/en\/wp-json\/wp\/v2\/pages"}],"about":[{"href":"https:\/\/www.travelerspack.ca\/en\/wp-json\/wp\/v2\/types\/page"}],"author":[{"embeddable":true,"href":"https:\/\/www.travelerspack.ca\/en\/wp-json\/wp\/v2\/users\/1"}],"replies":[{"embeddable":true,"href":"https:\/\/www.travelerspack.ca\/en\/wp-json\/wp\/v2\/comments?post=5001"}],"version-history":[{"count":3,"href":"https:\/\/www.travelerspack.ca\/en\/wp-json\/wp\/v2\/pages\/5001\/revisions"}],"predecessor-version":[{"id":5391,"href":"https:\/\/www.travelerspack.ca\/en\/wp-json\/wp\/v2\/pages\/5001\/revisions\/5391"}],"wp:attachment":[{"href":"https:\/\/www.travelerspack.ca\/en\/wp-json\/wp\/v2\/media?parent=5001"}],"curies":[{"name":"wp","href":"https:\/\/api.w.org\/{rel}","templated":true}]}}